{"id":152,"date":"2021-11-30T00:51:01","date_gmt":"2021-11-30T00:51:01","guid":{"rendered":"http:\/\/jorgelibman.com.ar\/?page_id=152"},"modified":"2023-05-31T23:20:39","modified_gmt":"2023-05-31T23:20:39","slug":"jorge-libman-2","status":"publish","type":"page","link":"https:\/\/jorgelibman.com.ar\/index.php\/jorge-libman-2\/","title":{"rendered":"Jorge Libman"},"content":{"rendered":"<div class=\"wp-block-image is-style-default\">\n<figure class=\"alignright size-medium is-resized\"><img loading=\"lazy\" decoding=\"async\" src=\"http:\/\/jorgelibman.com.ar\/wp-content\/uploads\/2023\/05\/1-239x300.jpeg\" alt=\"\" class=\"wp-image-549\" width=\"243\" height=\"305\" srcset=\"https:\/\/jorgelibman.com.ar\/wp-content\/uploads\/2023\/05\/1-239x300.jpeg 239w, https:\/\/jorgelibman.com.ar\/wp-content\/uploads\/2023\/05\/1.jpeg 648w\" sizes=\"auto, (max-width: 243px) 100vw, 243px\" \/><\/figure>\n<\/div>\n\n\n<p><p style=\"text-align: justify;\"><strong>Soy Psic\u00f3logo Cl\u00ednico (U.N.R.), nacido y criado en Rosario (Argentina), con m\u00e1s de 28 a\u00f1os de experiencia profesional.<\/strong><\/p><\/p>\n\n\n\n<p><p style=\"text-align: justify;\"><strong>Fui a vivir a Buenos Aires donde realic\u00e9 mi formaci\u00f3n de posgrado y buena parte de mi pr\u00e1ctica privada.<\/strong><\/p><\/p>\n\n\n\n<p><p style=\"text-align: justify;\"><strong>Dicha formaci\u00f3n incluy\u00f3 una Residencia Hospitalaria de 5 a\u00f1os y pasant\u00eda en la Cl\u00ednica Tavistock de Londres.<\/strong><\/p><\/p>\n\n\n\n<p><p style=\"text-align: justify;\"><strong>A\u00f1os despu\u00e9s retorn\u00e9 a Rosario, ciudad en la cual actualmente resido y ejerzo la profesi\u00f3n.<\/strong><strong>&nbsp;<\/strong><\/p><\/p>\n\n\n\n<p><p style=\"text-align: justify;\"><strong>Mi trabajo asistencial consiste en psicoterapia individual de adolescentes y adultos, psicoterapia de pareja y evaluaciones psicol\u00f3gicas.<\/strong><\/p><\/p>\n\n\n\n<p><p style=\"text-align: justify;\"><b>Atiendo en espa\u00f1ol e ingl\u00e9s tanto presencial como virtual.<\/b><\/p><\/p>\n\n\n\n<p><p style=\"text-align: justify;\"><strong>Me especialic\u00e9 en Trastornos de la Personalidad, Psicosom\u00e1tica, Estr\u00e9s y Trauma Ps\u00edquico.<\/strong><\/p><\/p>\n\n\n\n<p><p style=\"text-align: justify;\"><strong>Ejerzo la psicoterapia desde un enfoque psicoanal\u00edtico moderno e integrador. <\/strong><\/p><\/p>\n\n\n\n<p><p style=\"text-align: justify;\"><strong>Docente de cursos de posgrado.<\/strong><\/p><\/p>\n\n\n\n<p><p style=\"text-align: justify;\"><strong>Fui docente universitario de la carrera de grado (U.N.R. \u2013 U.B.)<\/strong><\/p><\/p>\n\n\n\n<p><p style=\"text-align: justify;\"><strong>Columnista en Rosario3 y en el programa de radio:<\/strong>&nbsp;<strong>\u201cCentro Cultural de la Salud\u201d<\/strong><\/p><\/p>\n\n\n\n<p><p style=\"text-align: justify;\">Mat. Nac. N\u00b0: 22.749 \u2013 Mat. Prov. N\u00b0: 2231<\/p><\/p>\n\n\n\n<p>&nbsp;<\/p>\n\n\n\n<p>&nbsp;<\/p>\n\n\n\n<p>&nbsp;<\/p>\n\n\n\n<p>&nbsp;<\/p>\n\n\n\n<p>&nbsp;<\/p>\n","protected":false},"excerpt":{"rendered":"<p>Soy Psic\u00f3logo Cl\u00ednico (U.N.R.), nacido y criado en Rosario (Argentina), con m\u00e1s de 28 a\u00f1os de experiencia profesional. Fui a vivir a Buenos Aires donde realic\u00e9 mi formaci\u00f3n de posgrado y buena parte de mi pr\u00e1ctica privada. Dicha formaci\u00f3n incluy\u00f3 una Residencia Hospitalaria de 5 a\u00f1os y pasant\u00eda en la Cl\u00ednica Tavistock de Londres. A\u00f1os [&hellip;]<\/p>\n","protected":false},"author":1,"featured_media":549,"parent":0,"menu_order":0,"comment_status":"closed","ping_status":"closed","template":"page-templates\/team-archive.php","meta":{"footnotes":""},"class_list":["post-152","page","type-page","status-publish","has-post-thumbnail","hentry"],"_links":{"self":[{"href":"https:\/\/jorgelibman.com.ar\/index.php\/wp-json\/wp\/v2\/pages\/152","targetHints":{"allow":["GET"]}}],"collection":[{"href":"https:\/\/jorgelibman.com.ar\/index.php\/wp-json\/wp\/v2\/pages"}],"about":[{"href":"https:\/\/jorgelibman.com.ar\/index.php\/wp-json\/wp\/v2\/types\/page"}],"author":[{"embeddable":true,"href":"https:\/\/jorgelibman.com.ar\/index.php\/wp-json\/wp\/v2\/users\/1"}],"replies":[{"embeddable":true,"href":"https:\/\/jorgelibman.com.ar\/index.php\/wp-json\/wp\/v2\/comments?post=152"}],"version-history":[{"count":30,"href":"https:\/\/jorgelibman.com.ar\/index.php\/wp-json\/wp\/v2\/pages\/152\/revisions"}],"predecessor-version":[{"id":556,"href":"https:\/\/jorgelibman.com.ar\/index.php\/wp-json\/wp\/v2\/pages\/152\/revisions\/556"}],"wp:featuredmedia":[{"embeddable":true,"href":"https:\/\/jorgelibman.com.ar\/index.php\/wp-json\/wp\/v2\/media\/549"}],"wp:attachment":[{"href":"https:\/\/jorgelibman.com.ar\/index.php\/wp-json\/wp\/v2\/media?parent=152"}],"curies":[{"name":"wp","href":"https:\/\/api.w.org\/{rel}","templated":true}]}}