{"id":194,"date":"2021-12-06T21:41:22","date_gmt":"2021-12-06T21:41:22","guid":{"rendered":"http:\/\/jorgelibman.com.ar\/?page_id=194"},"modified":"2023-05-31T23:17:34","modified_gmt":"2023-05-31T23:17:34","slug":"jorge","status":"publish","type":"page","link":"https:\/\/jorgelibman.com.ar\/","title":{"rendered":"Jorge Libman"},"content":{"rendered":"\n<p><p style=\"text-align: justify;\"><strong>Soy Psic\u00f3logo Cl\u00ednico (U.N.R.), nacido y criado en Rosario (Argentina), con m\u00e1s de 28 a\u00f1os de experiencia profesional.<\/strong><\/p><\/p>\n\n\n\n<p><p style=\"text-align: justify;\"><strong>Fui a vivir a Buenos Aires donde realic\u00e9 mi formaci\u00f3n de posgrado y buena parte de mi pr\u00e1ctica privada.<\/strong><\/p><\/p>\n\n\n\n<p><p style=\"text-align: justify;\"><strong>Mi trabajo asistencial consiste en psicoterapia individual de adolescentes y adultos, psicoterapia de pareja y evaluaciones psicol\u00f3gicas.<\/strong><\/p><\/p>\n\n\n\n<p><p style=\"text-align: justify;\"><b>Atiendo en espa\u00f1ol e ingl\u00e9s tanto presencial como virtual.<\/b><\/p><\/p>\n\n\n\n<p><p style=\"text-align: justify;\"><strong>Me especialic\u00e9 en Trastornos de la Personalidad, Psicosom\u00e1tica, Estr\u00e9s y Trauma Ps\u00edquico.<\/strong><\/p><\/p>\n","protected":false},"excerpt":{"rendered":"<p>Soy Psic\u00f3logo Cl\u00ednico (U.N.R.), nacido y criado en Rosario (Argentina), con m\u00e1s de 28 a\u00f1os de experiencia profesional. Fui a vivir a Buenos Aires donde realic\u00e9 mi formaci\u00f3n de posgrado y buena parte de mi pr\u00e1ctica privada. Mi trabajo asistencial consiste en psicoterapia individual de adolescentes y adultos, psicoterapia de pareja y evaluaciones psicol\u00f3gicas. Atiendo [&hellip;]<\/p>\n","protected":false},"author":1,"featured_media":552,"parent":0,"menu_order":0,"comment_status":"closed","ping_status":"closed","template":"page-templates\/team-archive.php","meta":{"footnotes":""},"class_list":["post-194","page","type-page","status-publish","has-post-thumbnail","hentry"],"_links":{"self":[{"href":"https:\/\/jorgelibman.com.ar\/index.php\/wp-json\/wp\/v2\/pages\/194","targetHints":{"allow":["GET"]}}],"collection":[{"href":"https:\/\/jorgelibman.com.ar\/index.php\/wp-json\/wp\/v2\/pages"}],"about":[{"href":"https:\/\/jorgelibman.com.ar\/index.php\/wp-json\/wp\/v2\/types\/page"}],"author":[{"embeddable":true,"href":"https:\/\/jorgelibman.com.ar\/index.php\/wp-json\/wp\/v2\/users\/1"}],"replies":[{"embeddable":true,"href":"https:\/\/jorgelibman.com.ar\/index.php\/wp-json\/wp\/v2\/comments?post=194"}],"version-history":[{"count":9,"href":"https:\/\/jorgelibman.com.ar\/index.php\/wp-json\/wp\/v2\/pages\/194\/revisions"}],"predecessor-version":[{"id":494,"href":"https:\/\/jorgelibman.com.ar\/index.php\/wp-json\/wp\/v2\/pages\/194\/revisions\/494"}],"wp:featuredmedia":[{"embeddable":true,"href":"https:\/\/jorgelibman.com.ar\/index.php\/wp-json\/wp\/v2\/media\/552"}],"wp:attachment":[{"href":"https:\/\/jorgelibman.com.ar\/index.php\/wp-json\/wp\/v2\/media?parent=194"}],"curies":[{"name":"wp","href":"https:\/\/api.w.org\/{rel}","templated":true}]}}