{"id":30,"date":"2021-11-19T00:38:04","date_gmt":"2021-11-19T00:38:04","guid":{"rendered":"http:\/\/jorgelibman.com.ar\/?page_id=30"},"modified":"2022-04-07T09:21:54","modified_gmt":"2022-04-07T09:21:54","slug":"cursos","status":"publish","type":"page","link":"https:\/\/jorgelibman.com.ar\/index.php\/cv\/cursos\/","title":{"rendered":"Cursos"},"content":{"rendered":"\r\n<h2 class=\"wp-block-heading\" style=\"text-align: justify;\">Cursos, seminarios y congresos<\/h2>\r\n\r\n\r\n\r\n<p style=\"text-align: justify;\">Infancia Temprana Jornadas sobre Teor\u00eda del Apego (1997) International Attachment Network (Grupo Rosario) \u2013 Rosario<\/p>\r\n\r\n\r\n\r\n<p style=\"text-align: justify;\">\u201cHow far is empirical research relevant to psichoanalytic theory and practice?. The exemple of research in infancy\u201d Disertantes: Dr. Andr\u00e9 Green y Dr. Daniel Stern (1997) \u2013 University College London \u2013 Londres<\/p>\r\n\r\n\r\n\r\n<p style=\"text-align: justify;\">\u201cLo Vincular, su Prevenci\u00f3n Aqu\u00ed y Ahora. Alcances de la Teor\u00eda del Attachment y su aplicaci\u00f3n\u201d (1998)International Attachment Network \u2013 Secretar\u00eda de Postgrado de la Facultad de Psicolog\u00eda U.B.A \u2013 Cdad. de Buenos Aires\u00a0<\/p>\r\n\r\n\r\n\r\n<p style=\"text-align: justify;\">1ras. Jornadas de Observaci\u00f3n de Lactantes y su Aplicaci\u00f3n a la Prevenci\u00f3n de la Salud Mental (1999) Hospital\u00a0 Italiano de Buenos Aires \u2013 Cdad. de Buenos Aires<\/p>\r\n\r\n\r\n\r\n<p style=\"text-align: justify;\">Nuevos Aportes sobre el Primer A\u00f1o de Vida del Beb\u00e9. Observaciones. El Lugar de los Padres en la Crianza \u2013Disertante: Dr. Juan Miguel Hoffmann (1999) \u2013 Asociaci\u00f3n de Psicoan\u00e1lisis de Rosario \u2013 Rosario<\/p>\r\n\r\n\r\n\r\n<h1 class=\"wp-block-heading\" style=\"text-align: justify;\">Psicoan\u00e1lisis<\/h1>\r\n\r\n\r\n\r\n<p style=\"text-align: justify;\">\u201cIntroducci\u00f3n a la obra de Melanie klein\u201d (1990) Secretaria de extensi\u00f3n universitaria &#8211; Facultad de Psicolog\u00eda U.N.R.<\/p>\r\n\r\n\r\n\r\n<p style=\"text-align: justify;\">Jornadas Rosarinas de Integraci\u00f3n teorico-clinica en Psicoan\u00e1lisis: \u201cNeurosis narcisistas 50 a\u00f1os despu\u00e9s &#8211; Cambio ps\u00edquico en las patolog\u00edas narcisistas\u201d (1991) Ateneo de Estudios Psicoanal\u00edticos de Rosario \u2013 Rosario<\/p>\r\n\r\n\r\n\r\n<p style=\"text-align: justify;\">\u201c\u00bfComo escuchar a un ni\u00f1o? &#8211; El final de la cura\u201d (1991) Dr. Juan David Nasio &#8211; Facultad de Psicologia\u00a0 U.N.R.<\/p>\r\n\r\n\r\n\r\n<p style=\"text-align: justify;\">\u201cProblem\u00e1ticas teorico-clinicas en Psicoan\u00e1lisis\u201d (1991) A.D.E.P y Escuela de Postgrado &#8211; Facultad de Psicolog\u00eda U.N.R.<\/p>\r\n\r\n\r\n\r\n<p style=\"text-align: justify;\">Jornadas Psicoanal\u00edticas: \u201cL\u2019Oralite\u201d (1992) Asociaci\u00f3n Freudienne Internationale de Rosario<\/p>\r\n\r\n\r\n\r\n<p style=\"text-align: justify;\">\u201cLas Psicosis\u201d (1992) Escuela de Postgrado &#8211; Facultad de Psicolog\u00eda U.N.R.<\/p>\r\n\r\n\r\n\r\n<p style=\"text-align: justify;\">\u201cHacia el Self\u201d (1992) Dres. Fernando Segal y Jose Valeros &#8211; Asociacion de Rorschach de Rosario\u00a0\u00a0<\/p>\r\n\r\n\r\n\r\n<p style=\"text-align: justify;\">\u201cFabi\u00e1n, el ni\u00f1o de la computadora\u201d (1992) Dr. Hector Yankelevich\u00a0&#8211; Facultad de Psicologia U.N.R.<\/p>\r\n\r\n\r\n\r\n<p style=\"text-align: justify;\">\u201cFiliacion\u201d (1993) Dr. Gerard Haddad &#8211; Facultad de Psicologia U.N.R.<\/p>\r\n\r\n\r\n\r\n<p style=\"text-align: justify;\">Seminario anual: \u201cEl Historial del Hombre de los Lobos\u201d (1993) Dr. Isidoro Gurman \u2013 Rosario<\/p>\r\n\r\n\r\n\r\n<p style=\"text-align: justify;\">\u201cCreatividad\u201d (1994) Dr. Hector Fiorini &#8211; A.S.H.P. Cap\u00edtulo Rosario\u00a0<\/p>\r\n\r\n\r\n\r\n<p style=\"text-align: justify;\">Jornadas V aniversario de la revista \u201cZona Er\u00f3gena\u201d\u00a0: \u201c\u00bfA donde va el Psicoan\u00e1lisis. Lo vigente, lo novedoso y lo urgente?\u201d (1994) Asociacion Cultural Armenia &#8211; Cdad. de Buenos Aires<\/p>\r\n\r\n\r\n\r\n<p style=\"text-align: justify;\">Seminario Anual: \u201cT\u00e9cnica psicoanal\u00edtica y Psicopatolog\u00eda psicoanal\u00edtica\u201d (1995) Colegio de Estudios Avanzados en Psicoanalisis &#8211; Cdad. de Buenos Aires<\/p>\r\n\r\n\r\n\r\n<p style=\"text-align: justify;\">\u201cEl trabajo con adolescentes y ni\u00f1os severamente perturbados\u201d (1995) Dr. Ricardo Szuman &#8211; Contemporanea &#8211; Cdad. de Buenos Aires<\/p>\r\n\r\n\r\n\r\n<p style=\"text-align: justify;\">Seminario Anual: \u201cPsicopatolog\u00eda psicoanal\u00edtica\u201d (1996) Colegio de Estudios Avanzados en Psicoan\u00e1lisis &#8211; Cdad. de Buenos Aires<\/p>\r\n\r\n\r\n\r\n<p style=\"text-align: justify;\">\u201cEl trabajo con pacientes severamente perturbados\u201d (1996) Dr. Ricardo Szuman &#8211; Contemporanea &#8211; Cdad. de Buenos Aires<\/p>\r\n\r\n\r\n\r\n<p style=\"text-align: justify;\">Curso sobre la obra de D.Winnicott (1997-1998) Squiggle Foundation \u2013 Londres<\/p>\r\n\r\n\r\n\r\n<p style=\"text-align: justify;\">Cl\u00ednica\u00a0 psicoanal\u00edtica con parejas (2007) Lic. Susana Sternbach \u2013 Lic. Mercedes Vecslir \u2013 Sociedad Psicoanal\u00edtica del Sur \u2013 Cdad. de Buenos Aires<\/p>\r\n\r\n\r\n\r\n<p style=\"text-align: justify;\">Psicodiagn\u00f3stico Seminario de postgrado sobre psicodiagn\u00f3stico (1990) Escuela de Postgrado de la Facultad de Psicolog\u00eda U.N.R \u2013 Rosario<\/p>\r\n\r\n\r\n\r\n<p style=\"text-align: justify;\">Curso Sistem\u00e1tico de Rorschach (1991 \u2013 1994) Asociaci\u00f3n de Rorschach de Rosario \u2013 Rosario<\/p>\r\n\r\n\r\n\r\n<p style=\"text-align: justify;\">\u201cActualizaci\u00f3n en Psicodign\u00f3stico\u201d (1994) Dictante: Prof. Renata Frank de Vertheliyi \u2013 Facultad de Psicolog\u00eda U.N.R \u2013 Rosario<\/p>\r\n\r\n\r\n\r\n<p style=\"text-align: justify;\">Curso Intensivo sobre el Sistema Comprehensivo de Rorschach \u2013 M\u00e9todo Exner (1996) Dictante: Prof. Vera Campo \u2013 A.D.E.I.P \u2013 Rosario<\/p>\r\n\r\n\r\n\r\n<p style=\"text-align: justify;\">\u201cEl Psicodiagn\u00f3stico en la Pr\u00e1ctica Laboral\u201d (1996) A.D.E.I.P \u2013 Cdad. de Buenos Aires<\/p>\r\n\r\n\r\n\r\n<p style=\"text-align: justify;\">Test de Zulliger (1998) Estudio De Martine &amp; Asociados \u2013 Cdad. de Buenos Aires<\/p>\r\n\r\n\r\n\r\n<p style=\"text-align: justify;\">Curso de Postgrado sobre el Sistema Comprehensivo de Rorschach \u2013 M\u00e9todo Exner\u00a0\u00a0\u00a0\u00a0 (2000\/2002) A.D.E.I.P. \u2013 Rosario<\/p>\r\n\r\n\r\n\r\n<p style=\"text-align: justify;\">Workshop: \u201cEvaluaci\u00f3n del potencial de violencia con Rorschach Sistema Comprehensivo\u201d (2004) Dictante: Dr. Barry Ritzler, PhD. (Rorschach Training Programs,Inc, USA) Actividad organizada por Fundaci\u00f3n Argentina de Rorschach Sistema Comprehensivo (FAIDER) y Asociaci\u00f3n de Rorschach de Rosario \u2013 Cdad. de Buenos Aires.<\/p>\r\n\r\n\r\n\r\n<p style=\"text-align: justify;\">VIII Congreso Nacional de Psicodiagn\u00f3stico \u2013 XV Jornada Nacional de A.D.E.I.P. (2004) A.D.E.I.P. \u2013 Rosario<\/p>\r\n\r\n\r\n\r\n<p style=\"text-align: justify;\">\u201cActualizaci\u00f3n en Rorschach Laboral\u201d (Sistema Exner, Klopfer y Z-test) [2006] Dictantes: Dr. Prof. Cicero Vaz (Brasil) \u2013 Dra. Ang\u00e9lica Zdunic (Buenos Aires) A.D.E.I.P. \u2013 Rosario<\/p>\r\n\r\n\r\n\r\n<p style=\"text-align: justify;\">Jornadas de Actualizaci\u00f3n Profesional: \u201cPresencia y Significaci\u00f3n del Psicodiagn\u00f3stico Hoy\u201d (2006) Dictante: Prof. Anne Andronikof (Francia), Presidenta de la Sociedad Internacional de Rorschach Actividad organizada por A.D.E.I.P. y Asociaci\u00f3n de Rorschach de Rosario \u2013 Rosario<\/p>\r\n\r\n\r\n\r\n<p style=\"text-align: justify;\">Workshop: \u201cCodificaci\u00f3n Compleja y Psicopatolog\u00eda\u201d (2006) Dictante: Dr. Anthony Sciara, PhD. (Rorschach Training Programs, Inc, USA) Actividad organizada por Fundaci\u00f3n Estudios de Rorschach Sistema Compreshensivo (FERSIC) \u2013 Cdad. de Buenos Aires.<\/p>\r\n\r\n\r\n\r\n<p style=\"text-align: justify;\">Workshop Avanzado en Rorschach Sistema Comprehensivo: \u201cAplicaci\u00f3n en M\u00faltiples \u00c1mbitos de Evaluaci\u00f3n con diferentes poblaciones\u201d (2008) Dictantes: Dr. Anthony Sciara, PhD. \u2013 Dr. Barry Ritzler, PhD. (Rorschach Training Programs, Inc, USA) Actividad organizada por Fundaci\u00f3n Estudios de Rorschach Sistema Comprehensivo (FERSIC) \u00a0\u2013 Cdad. de Buenos Aires.<\/p>\r\n\r\n\r\n\r\n<p style=\"text-align: justify;\">Seminario Ultraintensivo: \u201cIntroducci\u00f3n al MMPI-2 y MMPI-A\u201d (2010) Dictante: Lic. Marta Medina Actividad organizada por Fundaci\u00f3n Estudios de Rorschach Sistema Comprehensivo (FERSIC) con una duraci\u00f3n total de 32 horas reloj \u2013 Rosario.<\/p>\r\n\r\n\r\n\r\n<p style=\"text-align: justify;\">IV Workshop sobre Rorschach Sistema Comprehensivo: \u201cEnfoque multim\u00e9todo: Rorschach Sistema Comprehensivo y MMPI-2\u201d (2010) Dictantes: Dr. Anthony Sciara, PhD. \u2013 Anita Boss, Psy, D. (Rorschach Training Programs, Inc, USA) Actividad organizada por Fundaci\u00f3n Estudios de Rorschach Sistema Comprehensivo (FERSIC) \u2013 Cdad. de Buenos Aires.<\/p>\r\n\r\n\r\n\r\n<p style=\"text-align: justify;\">V Workshop sobre Rorschach Sistema Comprehensivo: \u201cLa Psicopatolog\u00eda a trav\u00e9s del Rorschach Sistema Comprehensivo\u201d (2012) Dictantes: Dr. Anthony Sciara, PhD. \u2013 Barry Ritzler, Ph.D \u2013 Irving Weiner, Ph.D (Rorschach Training Programs, Inc, USA) Actividad organizada por Fundaci\u00f3n Estudios de Rorschach Sistema Comprehensivo (FERSIC) \u2013 Cdad. de Buenos Aires.<\/p>\r\n\r\n\r\n\r\n<p style=\"text-align: justify;\">XVI Congreso Nacional de Psicodiagn\u00f3stico \u2013 XXIII Jornada Nacional de A.D.E.I.P. (2012) [Asistente y Expositor]. A.D.E.I.P. \u2013 Rosario<\/p>\r\n\r\n\r\n\r\n<p style=\"text-align: justify;\">VI Workshop sobre Rorschach Sistema Comprehensivo: \u201cParalelismo entre las etapas del desarrollo de los sujetos y el desarrollo del Sistema Comprehensivo\u201d (2014) Dictantes: Dr. Anthony Sciara, PhD. \u2013 Barry Ritzler, Ph.D \u2013 Irving Weiner, Ph.D (Rorschach Training Programs, Inc, USA) Actividad organizada por Fundaci\u00f3n Estudios de Rorschach Sistema Comprehensivo (FERSIC) \u2013 Cdad. de Buenos Aires.<\/p>\r\n\r\n\r\n\r\n<p style=\"text-align: justify;\">XIX Congreso Nacional de Psicodiagn\u00f3stico \u2013 XXVI Jornada Nacional de A.D.E.I.P. (2015) [Asistente y Expositor]. A.D.E.I.P. \u2013 Rosario<\/p>\r\n\r\n\r\n\r\n<p style=\"text-align: justify;\">VII Workshop sobre Rorschach Sistema Comprehensivo: \u201cSistema Comprehensivo de Rorschach y su integraci\u00f3n con otras t\u00e9cnicas de evaluaci\u00f3n psicol\u00f3gica, un enfoque multim\u00e9todo\u201d (2016) Dictantes: Dr. Anthony Sciara, PhD. \u2013 Anita Boss, Psy. D. (Rorschach Training Programs, Inc, USA) Actividad organizada por Fundaci\u00f3n Estudios de Rorschach Sistema Comprehensivo (FERSIC) \u2013 Cdad. de Buenos Aires.<\/p>\r\n\r\n\r\n\r\n<p style=\"text-align: justify;\">VIII Workshop sobre Rorschach Sistema Comprehensivo: \u201cLas personalidades agresivas y psicop\u00e1ticas: tendencias actuales para su evaluaci\u00f3n y tratamiento con un enfoque multim\u00e9todo\u201d (2018) Dictantes: J. Reid Meloy, Ph.D. \u2013 Anita Boss, Psy, D. (Rorschach Training Programs, Inc, USA) Actividad organizada por Fundaci\u00f3n Estudios de Rorschach Sistema Comprehensivo (FERSIC) \u2013 Cdad. de Buenos Aires.<\/p>\r\n\r\n\r\n\r\n<p style=\"text-align: justify;\">Taller internacional: \u201cEl Rorschach y otras t\u00e9cnicas proyectiva: su uso terap\u00e9utico\u201d. Dr. Stephen Finn<\/p>\r\n\r\n\r\n\r\n<p style=\"text-align: justify;\">Seminario online: \u201cIntegrando aportes de Luria y Vigotsky a la evaluaci\u00f3n psicol\u00f3gica y colaborativa\u201d. Dr. Stephen Finn. Organizado por A.D.E.I.P,<\/p>\r\n\r\n\r\n\r\n<h2 class=\"wp-block-heading\" style=\"text-align: justify;\"><strong>Psicolog\u00eda\/Psicopatolog\u00eda\/Salud Mental<\/strong><\/h2>\r\n\r\n\r\n\r\n<p style=\"text-align: justify;\">I Congreso Rosarino de Psicolog\u00eda: \u201cLa Cl\u00ednica Hoy\u201d (1992) Colegio de Psic\u00f3logos de la Provincia de Santa Fe \u2013 Rosario<\/p>\r\n\r\n\r\n\r\n<p style=\"text-align: justify;\">\u201cHospital de D\u00eda (modelo para des-armar)\u201d (1994) A.S.H.P Cap\u00edtulo Rosario \u2013 Sede de Gobierno U.N.R.<\/p>\r\n\r\n\r\n\r\n<p style=\"text-align: justify;\">II Jornadas de Residentes de Salud Mental del Area Metropolitana (1995) Cdad. de Buenos Aires<\/p>\r\n\r\n\r\n\r\n<p style=\"text-align: justify;\">III Jornadas de Residentes de Salud Mental del Area Metropolitana (1996) Cdad. de Buenos Aires<\/p>\r\n\r\n\r\n\r\n<p style=\"text-align: justify;\">VI Jornadas de Psicopatolog\u00eda y Salud Mental del Servicio de Psicopatolog\u00eda del Hospital Alvarez: \u201cNuevos aportes en salud mental\u201d (1996) Hospital Alvarez \u2013 Cdad. de Buenos Aires<\/p>\r\n\r\n\r\n\r\n<p style=\"text-align: justify;\">\u201cLa Interconsulta m\u00e9dico\u2013psicol\u00f3gica: nuevos paradigmas en las postrimer\u00edas del milenio\u201d (1997) Universidad Hebrea Argentina Bar\u2013Ilan \u2013 Cdad. de Buenos Aires<\/p>\r\n\r\n\r\n\r\n<p style=\"text-align: justify;\">\u201cTraining in the treatment of in-patients with an eating disorder\u201d (1998) Bethlem Hospital \u2013 Londres<\/p>\r\n\r\n\r\n\r\n<p style=\"text-align: justify;\">IV Jornadas de Residentes de Salud Mental del Area Metropolitana (1998) Cdad. de Buenos Aires<\/p>\r\n\r\n\r\n\r\n<p style=\"text-align: justify;\">VII Jornadas de Psicopatolog\u00eda y Salud Mental del Servicio de Psicopatolog\u00eda del Hospital Alvarez: \u201cNuevos caminos en la cl\u00ednica\u201d (1998) Hospital Alvarez \u2013 Cdad. de Buenos Aires<\/p>\r\n\r\n\r\n\r\n<p style=\"text-align: justify;\">Primera Jornada sobre \u201cAutogesti\u00f3n y Salud Mental\u201d (1999) ATICO y Equipo de Psicosom\u00e1tica del Hospital Alvarez \u2013 Cdad. de Buenos Aires<\/p>\r\n\r\n\r\n\r\n<p style=\"text-align: justify;\">XVII Jornadas del Departamento de Psicolog\u00eda Cl\u00ednica: \u201cLa Personalidad y sus Des\u00f3rdenes\u201d (1999) Dto. de Psicolog\u00eda Cl\u00ednica, Universidad Argentina John F. Kennedy \u2013 Cdad. de Buenos Aires<\/p>\r\n\r\n\r\n\r\n<p style=\"text-align: justify;\">Terceras Jornadas Argentinas de Trastornos de Ansiedad (1999) Asociaci\u00f3n Argentina de Trastornos de Ansiedad \u2013 Cdad. de Buenos Aires<\/p>\r\n\r\n\r\n\r\n<p style=\"text-align: justify;\">Terapia Cognitiva del P\u00e1nico, Ansiedad y la Conducta Irritativa \u2013 Cory Newman, PhD.\u00a0 (1999) METHA Salud y Vida S.A. y U.B.A. \u2013 Cdad. de Buenos Aires<\/p>\r\n\r\n\r\n\r\n<p style=\"text-align: justify;\">V Jornadas de Residentes de Salud Mental del Area Metropolitana (1999) Cdad. de Buenos Aires<\/p>\r\n\r\n\r\n\r\n<p style=\"text-align: justify;\">Curso Anual Intensivo de Postgrado en Trastornos de Ansiedad (1999) Asociaci\u00f3n Argentina de Trastornos de Ansiedad \u2013 Cdad. de Buenos Aires<\/p>\r\n\r\n\r\n\r\n<p style=\"text-align: justify;\">Tratamiento Cognitivo del Trastorno de P\u00e1nico (Workshop) \u2013 David Barlow, PhD. (1999) Asociaci\u00f3n Argentina de Trastornos de Ansiedad \u2013 Cdad. de Buenos Aires<\/p>\r\n\r\n\r\n\r\n<p style=\"text-align: justify;\">Workshop intensivo: \u201cViolencia. Terapias Breves Aplicadas a Situaciones de Crisis. Cambios r\u00e1pidos y durables\u201d (2006) Dictante: Dr. Reynaldo Perrone Organizado por la Asociaci\u00f3n de Rorschach de Rosario \u2013 Instituto Philippe Pinel \u2013 Rosario<\/p>\r\n\r\n\r\n\r\n<p style=\"text-align: justify;\">Psicosom\u00e1tica \u201cEl Cuerpo en la Cl\u00ednica Psicoanal\u00edtica VI\u201d (1997) Equipo de Asistencia e Investigaci\u00f3n en Psicosom\u00e1tica del Hospital Argerich \u2013 Cdad. de Buenos Aires<\/p>\r\n\r\n\r\n\r\n<p style=\"text-align: justify;\">IX Curso Te\u00f3rico\u2013Pr\u00e1ctico \u201cPsicosom\u00e1tica 98\u201d (1998) Equipo de Psicosom\u00e1tica del Hospital Alvarez \u2013 Cdad. de Buenos Aires<\/p>\r\n\r\n\r\n\r\n<p style=\"text-align: justify;\">II Jornadas Universitarias de Psicosom\u00e1tica (1998)Facultad de Psicolog\u00eda U.B.A. \u2013 Cdad. de Buenos Aires<\/p>\r\n\r\n\r\n\r\n<p style=\"text-align: justify;\">X Curso Te\u00f3rico\u2013Pr\u00e1ctico \u201cPsicosom\u00e1tica 99\u201d (1999) Equipo de Psicosom\u00e1tica del Hospital Alvarez \u2013 Cdad. de Buenos Aires<\/p>\r\n\r\n\r\n\r\n<h2 class=\"wp-block-heading\" style=\"text-align: justify;\"><strong>Psiquiatr\u00eda<\/strong><\/h2>\r\n\r\n\r\n\r\n<p style=\"text-align: justify;\">IV Congreso Nacional de Psiquiatr\u00eda: \u201cConfluencias en Psiquiatr\u00eda\u201d (1990) A.P.S.A y A.P.R \u2013 Rosario<\/p>\r\n\r\n\r\n\r\n<p style=\"text-align: justify;\">Conferencia dictada por el Dr. Georges Lanteri\u2013Laura\u00a0 (1992) Instituto de Psiquiatr\u00eda y Psicopatolog\u00eda \u201cPhillipe Pinel\u201d \u2013 Rosario<\/p>\r\n\r\n\r\n\r\n<p style=\"text-align: justify;\">\u201cPsicopatolog\u00eda y Cl\u00ednica Psiqui\u00e1trica de los Trastornos Afectivos\u201d (1995) Dr. Juan Carlos Stagnaro y Dr. Norberto Conti \u2013 A.P.S.A \u2013 Cdad. de Buenos Aires<\/p>\r\n\r\n\r\n\r\n<p style=\"text-align: justify;\">\u201cNociones b\u00e1sicas de psicofarmacolog\u00eda para psic\u00f3logos\u201d (1996) Dr. Julio Moizeszowicz \u2013 Fundopsi \u2013 Cdad. de Buenos Aires<\/p>\r\n\r\n\r\n\r\n<p style=\"text-align: justify;\">3er Congreso Internacional de Psiquiatr\u00eda (1996) A.A.P \u2013 Cdad. de Buenos Aires<\/p>\r\n\r\n\r\n\r\n<p style=\"text-align: justify;\">I Simposio Latinoamericano de Psiquiatr\u00eda Din\u00e1mica \u2013 II Jornadas Argentinas de Psiquiatr\u00eda Din\u00e1mica (1996) A.P.S.A \u2013 Cdad. de Buenos Aires<\/p>\r\n\r\n\r\n\r\n<p style=\"text-align: justify;\">III Simposio Latinoamericano de Psiquiatr\u00eda Din\u00e1mica \u2013 IV Jornadas Argentinas de Psiquiatr\u00eda Din\u00e1mica \u2013 Invitados de Honor: Otto Kernberg y Paulina Kernberg (1998) A.P.S.A \u2013 Cdad. de Buenos Aires<\/p>\r\n\r\n\r\n\r\n<p style=\"text-align: justify;\">I\u00a0 Curso Anual de Psiquiatr\u00eda Inter-Residencias (1998\/1999) Residencias de Salud Mental de la Cdad. de Buenos Aires<\/p>\r\n\r\n\r\n\r\n<p style=\"text-align: justify;\">XV Congreso Argentino de Psiquiatr\u00eda: \u201cEl individuo: Las redes biol\u00f3gicas y las redes sociales\u201d (1999) A.P.S.A. \u2013 Mar del Plata<\/p>\r\n\r\n\r\n\r\n<p style=\"text-align: justify;\">Curso de Neuro-Psicofarmacolog\u00eda \u2013 Director del Curso: Walter Pedemonte M.D. (1999) Asociaci\u00f3n Gremial de Psiquiatras de la Capital Federal y Fundaci\u00f3n REDES Internacional de Salud Mental \u2013 Cdad. de Buenos Aires<\/p>\r\n\r\n\r\n\r\n<p style=\"text-align: justify;\">Congreso Regional de la Asociaci\u00f3n Mundial de Psiquiatr\u00eda (1999) A.A.P. \u2013 Cdad. de Buenos Aires<\/p>\r\n\r\n\r\n\r\n<p style=\"text-align: justify;\">Curso de Neuro-Psicofarmacolog\u00eda (2\u00b0 parte) \u2013 Director del curso: Walter Pedemonte M.D. (1999) Asociaci\u00f3n Gremial de Psiquiatras de la Capital Federal \u2013 Cdad. de Buenos Aires<\/p>\r\n\r\n\r\n\r\n<p style=\"text-align: justify;\">XVI Congreso Argentino de Psiquiatr\u00eda: \u201cCuerpo, lenguaje y personalidad. Aspectos biol\u00f3gicos y psicosociales\u201d (2000) A.P.S.A. \u2013 Mar del Plata<\/p>\r\n\r\n\r\n\r\n<p style=\"text-align: justify;\">XVII Congreso Argentino de Psiquiatr\u00eda: \u201cIndicaciones en psiquiatr\u00eda y salud mental. \u00c9tica, responsabilidad, calidad y eficacia\u201d (2001) A.P.S.A. \u2013 Mar del Plata<\/p>\r\n\r\n\r\n\r\n<p style=\"text-align: justify;\">XVIII Congreso Argentino de Psiquiatr\u00eda: \u201cPsiquiatr\u00eda, ecolog\u00eda y calidad de vida\u201d (2002) A.P.S.A. \u2013 Mar del Plata<\/p>\r\n\r\n\r\n\r\n<p style=\"text-align: justify;\">XIX Congreso Argentino de Psiquiatr\u00eda: \u201cRespuestas de la Psiquiatr\u00eda ante la Crisis Social\u201d (2003) A.P.S.A \u2013 Mar del Plata<\/p>\r\n\r\n\r\n\r\n<p style=\"text-align: justify;\">XX Congreso Argentino de Psiquiatr\u00eda: \u201cDos d\u00e9cadas revolucionarias en el desarrollo de la psiquiatr\u00eda\u201d (2004) A.P.S.A \u2013 Mar del Plata<\/p>\r\n\r\n\r\n\r\n<p style=\"text-align: justify;\">Jornadas Pre-Congreso Internacional sobre Trastornos de la Personalidad: \u201cPersonalidad y Diversidad Cultural\u201d. 9 cr\u00e9ditos por cursos realizados, otorgados por WPA y CME (Detalle de los cursos realizados: \u201cTratamiento de los Trastornos de Personalidad con DBT [Terapia Dial\u00e9ctica-Comportamental]; \u201cTratamiento de los Trastornos Borderline de la Personalidad\u201d; \u201cTratamiento de Pacientes Dif\u00edciles con Trastornos de la Personalidad\u201d) [2005] Organizadas por la Sociedad Internacional de Trastornos de la Personalidad (ISSPD)<\/p>\r\n\r\n\r\n\r\n<p style=\"text-align: justify;\">IX Congreso Internacional sobre Trastornos de la Personalidad (2005) Organizado por A.P.S.A. y la Sociedad Internacional de Trastornos de la Personalidad (ISSPD) en el marco del XXI Congreso Argentino de Psiquiatr\u00eda de A.P.S.A. \u2013 Mar del Plata<\/p>\r\n\r\n\r\n\r\n<p style=\"text-align: justify;\">VII Conferencia Anual M\u00e9dica Cient\u00edfica sobre Adicciones (2005) Organizado por A.P.S.A. e ISAM en el marco del XXI Congreso Argentino de Psiquiatr\u00eda de A.P.S.A. \u2013 Mar del Plata<\/p>\r\n\r\n\r\n\r\n<p style=\"text-align: justify;\">XXI Congreso Argentino de Psiquiatr\u00eda: \u201cAlianza global en adicciones y trastornos de la personalidad\u201d (2005). 3 cursos con 12 cr\u00e9ditos certificados por AMA y CRAMA. 20 cr\u00e9ditos por cursos realizados, otorgados por WPA y CME. A.P.S.A \u2013 Mar del Plata<\/p>\r\n\r\n\r\n\r\n<p style=\"text-align: justify;\">XXII Congreso Argentino de Psiquiatr\u00eda (2006) A.P.S.A \u2013 Mar del Plata<\/p>\r\n\r\n\r\n\r\n<p style=\"text-align: justify;\">XXIII Congreso Argentino de Psiquiatr\u00eda (2007) A.P.S.A \u2013 Mar del Plata<\/p>\r\n\r\n\r\n\r\n<p style=\"text-align: justify;\">14 Congreso Internacional de Psiquiatr\u00eda (2007) A.A.P \u2013 Cdad. de Buenos Aires<\/p>\r\n\r\n\r\n\r\n<h2 class=\"wp-block-heading\" style=\"text-align: justify;\"><strong><strong>Psicotraumatolog\u00eda<\/strong> <\/strong><\/h2>\r\n\r\n\r\n\r\n<p style=\"text-align: justify;\">III Congreso Internacional de Trauma Ps\u00edquico y Estr\u00e9s Traum\u00e1tico (2003) Sociedad Argentina de Psicotrauma (SAPSI) \u2013 Cdad. de Buenos Aires<\/p>\r\n\r\n\r\n\r\n<p style=\"text-align: justify;\">Jornadas de extensi\u00f3n comunitaria: \u201cVulnerabilidad y Ciudad. Estr\u00e9s, Trauma y Disminuci\u00f3n de riesgo en Buenos Aires\u201d (2003) Organizado por el Equipo de Estr\u00e9s Traum\u00e1tico de la Divisi\u00f3n Salud Mental del Hospital Alvarez y el Programa de Salud Mental, Desastres y Desarrollo de la Direcci\u00f3n de Salud Mental del Gobierno de la Ciudad de Buenos Aires<\/p>\r\n\r\n\r\n\r\n<p style=\"text-align: justify;\">IV Congreso Internacional de Trauma Ps\u00edquico y Estr\u00e9s Traum\u00e1tico (2004) Sociedad Argentina de Psicotrauma (SAPSI) \u2013 Cdad. de Buenos Aires<\/p>\r\n\r\n\r\n\r\n<p style=\"text-align: justify;\">V Congreso Internacional de Trauma Ps\u00edquico y Estr\u00e9s Traum\u00e1tico (2005) Sociedad Argentina de Psicotrauma (SAPSI) \u2013 Cdad. de Buenos Aires<\/p>\r\n\r\n\r\n\r\n<p style=\"text-align: justify;\">I Jornada de Actualizaci\u00f3n: Estr\u00e9s, Trauma y Cat\u00e1strofes (2005) IETBA (Instituto Estr\u00e9s Trauma Buenos Aires) \u2013 Cdad. de Buenos Aires<\/p>\r\n\r\n\r\n\r\n<p style=\"text-align: justify;\">II Jornada de Actualizaci\u00f3n: Estr\u00e9s, Trauma y Cat\u00e1strofes (2006) IETBA (Instituto Estr\u00e9s Trauma Buenos Aires) \u2013 Cdad. de Buenos Aires<\/p>\r\n\r\n\r\n\r\n<p style=\"text-align: justify;\">VII Congreso Internacional de Trauma Ps\u00edquico y Estr\u00e9s Traum\u00e1tico (2007) Sociedad Argentina de Psicotrauma (SAPSI) \u2013 Cdad. de Buenos Aires<\/p>\r\n\r\n\r\n\r\n<p style=\"text-align: justify;\">\u00a0<\/p>\r\n\r\n\r\n\r\n<h2 class=\"wp-block-heading\" style=\"text-align: justify;\"><strong><strong><strong>Recursos Humanos<\/strong><\/strong><\/strong><\/h2>\r\n\r\n\r\n\r\n<p style=\"text-align: justify;\">Selecci\u00f3n de Personal (1998) Estudio De Martine &amp; Asociados \u2013 Cdad. de Buenos Aires<\/p>\r\n\r\n\r\n\r\n<p style=\"text-align: justify;\">An\u00e1lisis Organizacional Como Estrategia de Cambio (1998) Dr. Aldo Schlemenson \u2013 Cdad. de Buenos Aires<\/p>\r\n\r\n\r\n\r\n<p style=\"text-align: justify;\">Programa Formador de Formadores destinado a Jefes de Residentes (1999) Direcci\u00f3n de Capacitaci\u00f3n de la Secretar\u00eda de Salud, Gobierno de la Ciudad de Buenos Aires \u2013 Cdad. de Buenos Aires<\/p>\r\n","protected":false},"excerpt":{"rendered":"<p>Cursos, seminarios y congresos Infancia Temprana Jornadas sobre Teor\u00eda del Apego (1997) International Attachment Network (Grupo Rosario) \u2013 Rosario \u201cHow far is empirical research relevant to psichoanalytic theory and practice?. The exemple of research in infancy\u201d Disertantes: Dr. Andr\u00e9 Green y Dr. Daniel Stern (1997) \u2013 University College London \u2013 Londres \u201cLo Vincular, su Prevenci\u00f3n [&hellip;]<\/p>\n","protected":false},"author":1,"featured_media":137,"parent":23,"menu_order":0,"comment_status":"closed","ping_status":"closed","template":"","meta":{"footnotes":""},"class_list":["post-30","page","type-page","status-publish","has-post-thumbnail","hentry"],"_links":{"self":[{"href":"https:\/\/jorgelibman.com.ar\/index.php\/wp-json\/wp\/v2\/pages\/30","targetHints":{"allow":["GET"]}}],"collection":[{"href":"https:\/\/jorgelibman.com.ar\/index.php\/wp-json\/wp\/v2\/pages"}],"about":[{"href":"https:\/\/jorgelibman.com.ar\/index.php\/wp-json\/wp\/v2\/types\/page"}],"author":[{"embeddable":true,"href":"https:\/\/jorgelibman.com.ar\/index.php\/wp-json\/wp\/v2\/users\/1"}],"replies":[{"embeddable":true,"href":"https:\/\/jorgelibman.com.ar\/index.php\/wp-json\/wp\/v2\/comments?post=30"}],"version-history":[{"count":8,"href":"https:\/\/jorgelibman.com.ar\/index.php\/wp-json\/wp\/v2\/pages\/30\/revisions"}],"predecessor-version":[{"id":372,"href":"https:\/\/jorgelibman.com.ar\/index.php\/wp-json\/wp\/v2\/pages\/30\/revisions\/372"}],"up":[{"embeddable":true,"href":"https:\/\/jorgelibman.com.ar\/index.php\/wp-json\/wp\/v2\/pages\/23"}],"wp:featuredmedia":[{"embeddable":true,"href":"https:\/\/jorgelibman.com.ar\/index.php\/wp-json\/wp\/v2\/media\/137"}],"wp:attachment":[{"href":"https:\/\/jorgelibman.com.ar\/index.php\/wp-json\/wp\/v2\/media?parent=30"}],"curies":[{"name":"wp","href":"https:\/\/api.w.org\/{rel}","templated":true}]}}