{"id":32,"date":"2021-11-19T00:38:36","date_gmt":"2021-11-19T00:38:36","guid":{"rendered":"http:\/\/jorgelibman.com.ar\/?page_id=32"},"modified":"2022-04-07T09:21:32","modified_gmt":"2022-04-07T09:21:32","slug":"articulos","status":"publish","type":"page","link":"https:\/\/jorgelibman.com.ar\/index.php\/cv\/articulos\/","title":{"rendered":"Art\u00edculos y Publicaciones"},"content":{"rendered":"\r\n<p style=\"text-align: justify;\">\u201cFreud el talmudista\u201d\u00a0 Cuadernillo perteneciente al M\u00f3dulo III del Programa de estudios de la C\u00e1tedra \u201cPsicolog\u00eda\u201d del\u00a0 primer a\u00f1o de la Facultad de Psicolog\u00eda de la U.N.R. (1992).<\/p>\r\n\r\n\r\n\r\n<p style=\"text-align: justify;\">\u201cLa ansiedad en el trastorno borderline de la personalidad\u201d.\u00a0 Trabajo presentado en el Simposio: \u201cLa ansiedad en los trastornos de la personalidad\u201d. XX\u00a0 Congreso Argentino de Psiquiatr\u00eda de A.P.S.A. Publicaci\u00f3n realizada en formato CD Rom por el Laboratorio Lundbeck (2004).<\/p>\r\n\r\n\r\n\r\n<p style=\"text-align: justify;\">\u201cDesmentida de la percepci\u00f3n del paciente con trauma ps\u00edquico por parte de entornos no continentes. Rol del terapeuta\u201d.\u00a0 2da. Jornadas de Actualizaci\u00f3n: Estr\u00e9s, Trauma y Cat\u00e1strofes. Organizadas por IETBA (Instituto Estr\u00e9s Trauma Buenos Aires).\u00a0 Publicaci\u00f3n realizada en formato CD Rom por Editorial Akadia (2006).<\/p>\r\n\r\n\r\n\r\n<p style=\"text-align: justify;\">\u201cEvaluaci\u00f3n psicodiagn\u00f3stica del trauma ps\u00edquico\u201d.\u00a0 II Jornada de Actualizaci\u00f3n: Estr\u00e9s, Trauma y Cat\u00e1strofes. Organizadas por IETBA (Instituto Estr\u00e9s Trauma Buenos Aires).\u00a0 Publicaci\u00f3n realizada en formato CD Rom por Editorial Akadia (2006)<\/p>\r\n\r\n\r\n\r\n<p style=\"text-align: justify;\">\u201cEstr\u00e9s, Trauma y Desastres. Herramientas Te\u00f3rico-Cl\u00ednicas\u201d. En co-edici\u00f3n y co-autor\u00eda con el\u00a0 Dr. Roberto Sivak. Editorial Akadia. Buenos Aires, 2007.<\/p>\r\n","protected":false},"excerpt":{"rendered":"<p>\u201cFreud el talmudista\u201d\u00a0 Cuadernillo perteneciente al M\u00f3dulo III del Programa de estudios de la C\u00e1tedra \u201cPsicolog\u00eda\u201d del\u00a0 primer a\u00f1o de la Facultad de Psicolog\u00eda de la U.N.R. (1992). \u201cLa ansiedad en el trastorno borderline de la personalidad\u201d.\u00a0 Trabajo presentado en el Simposio: \u201cLa ansiedad en los trastornos de la personalidad\u201d. XX\u00a0 Congreso Argentino de Psiquiatr\u00eda [&hellip;]<\/p>\n","protected":false},"author":1,"featured_media":137,"parent":23,"menu_order":0,"comment_status":"closed","ping_status":"closed","template":"","meta":{"footnotes":""},"class_list":["post-32","page","type-page","status-publish","has-post-thumbnail","hentry"],"_links":{"self":[{"href":"https:\/\/jorgelibman.com.ar\/index.php\/wp-json\/wp\/v2\/pages\/32","targetHints":{"allow":["GET"]}}],"collection":[{"href":"https:\/\/jorgelibman.com.ar\/index.php\/wp-json\/wp\/v2\/pages"}],"about":[{"href":"https:\/\/jorgelibman.com.ar\/index.php\/wp-json\/wp\/v2\/types\/page"}],"author":[{"embeddable":true,"href":"https:\/\/jorgelibman.com.ar\/index.php\/wp-json\/wp\/v2\/users\/1"}],"replies":[{"embeddable":true,"href":"https:\/\/jorgelibman.com.ar\/index.php\/wp-json\/wp\/v2\/comments?post=32"}],"version-history":[{"count":6,"href":"https:\/\/jorgelibman.com.ar\/index.php\/wp-json\/wp\/v2\/pages\/32\/revisions"}],"predecessor-version":[{"id":531,"href":"https:\/\/jorgelibman.com.ar\/index.php\/wp-json\/wp\/v2\/pages\/32\/revisions\/531"}],"up":[{"embeddable":true,"href":"https:\/\/jorgelibman.com.ar\/index.php\/wp-json\/wp\/v2\/pages\/23"}],"wp:featuredmedia":[{"embeddable":true,"href":"https:\/\/jorgelibman.com.ar\/index.php\/wp-json\/wp\/v2\/media\/137"}],"wp:attachment":[{"href":"https:\/\/jorgelibman.com.ar\/index.php\/wp-json\/wp\/v2\/media?parent=32"}],"curies":[{"name":"wp","href":"https:\/\/api.w.org\/{rel}","templated":true}]}}