{"id":341,"date":"2022-03-14T14:09:39","date_gmt":"2022-03-14T14:09:39","guid":{"rendered":"http:\/\/jorgelibman.com.ar\/?page_id=341"},"modified":"2022-08-09T22:21:15","modified_gmt":"2022-08-09T22:21:15","slug":"psicodiagnostico","status":"publish","type":"page","link":"https:\/\/jorgelibman.com.ar\/index.php\/psicodiagnostico\/","title":{"rendered":"Psicodiagnostico"},"content":{"rendered":"\r\n\r\n\r\n<p style=\"text-align: justify;\">La evaluaci\u00f3n psicol\u00f3gica es una especialidad y un cuerpo de conocimientos fundamental para el ejercicio profesional de la psicolog\u00eda. Son recursos espec\u00edficos y complementarios a la evaluaci\u00f3n cl\u00ednica. El psicodiagn\u00f3stico es a la psicolog\u00eda lo que los estudios diagn\u00f3sticos complementarios son a la medicina (tomograf\u00eda, radiograf\u00eda, an\u00e1lisis de laboratorio, etc.), recurriendo a una analog\u00eda que suele ser utilizada.<\/p>\r\n<p style=\"text-align: justify;\">\r\n\r\n<\/p>\r\n<p style=\"text-align: justify;\">\r\n\r\n<\/p>\r\n<p style=\"text-align: justify;\">El psicodiagn\u00f3stico es un proceso que consta de una serie de entrevistas y de la administraci\u00f3n de pruebas psicol\u00f3gicas estandarizadas con el objetivo de arribar al conocimiento lo m\u00e1s amplio y profundo posible de la psicolog\u00eda de una persona. Si bien en muchos casos se puede establecer un diagn\u00f3stico aproximado y espec\u00edfico (por ejemplo, un trastorno de la personalidad en combinaci\u00f3n con una depresi\u00f3n), definir un diagn\u00f3stico psiqui\u00e1trico o psicopatol\u00f3gico no equivale a realizar un psicodiagn\u00f3stico.<\/p>\r\n<p style=\"text-align: justify;\">\r\n\r\n<\/p>\r\n<p style=\"text-align: justify;\">\r\n\r\n<\/p>\r\n<p style=\"text-align: justify;\">Un proceso psicodiagn\u00f3stico nos permitir\u00e1 arribar a conclusiones acerca del trastorno mental actual de un paciente y de la composici\u00f3n de su personalidad de base. Siempre se busca enmarcar la comprensi\u00f3n de la sintomatolog\u00eda dentro de la personalidad en todas sus caracter\u00edsticas y complejidad.<\/p>\r\n<p style=\"text-align: justify;\">Se utilizan t\u00e9cnicas psicom\u00e9tricas, proyectivas y neuropsicol\u00f3gicas. La selecci\u00f3n de la bater\u00eda de tests se define seg\u00fan el motivo de consulta del paciente, pero hay pruebas que, por su enorme utilidad, riqueza y validez cient\u00edfica, casi siempre suelen ser incluidas: el Rorschach, el MMPI-2 y el WAIS.<\/p>\r\n<p style=\"text-align: justify;\">El psicodiagn\u00f3stico no s\u00f3lo se aplica en adultos, sino tambi\u00e9n en ni\u00f1os y adolescentes.<\/p>\r\n<p style=\"text-align: justify;\">\r\n\r\n<\/p>\r\n<p style=\"text-align: justify;\">\r\n\r\n<\/p>\r\n<p style=\"text-align: justify;\">Un enfoque especial del psicodiagn\u00f3stico es la evaluaci\u00f3n terap\u00e9utica. El objetivo del evaluador va m\u00e1s all\u00e1 de recolectar informaci\u00f3n que ser\u00e1 \u00fatil en la comprensi\u00f3n y tratamiento del paciente. Siguiendo una serie de pasos y procedimientos, la evaluaci\u00f3n terap\u00e9utica se propone ayudar al paciente a crear cambios positivos en los pacientes, es decir, empezar a reconocer sus dificultades y considerarlas desde otras perspectivas. Es el inicio de un trabajo terap\u00e9utico que luego se continuar\u00e1 y profundizar\u00e1 en una psicoterapia propiamente dicha.<\/p>\r\n<p style=\"text-align: justify;\">\r\n\r\n<\/p>\r\n<p style=\"text-align: justify;\">\u00a0<\/p>\r\n<p>\r\n\r\n<\/p>\r\n<p>&nbsp;<\/p>\r\n<p><\/p>","protected":false},"excerpt":{"rendered":"<p>La evaluaci\u00f3n psicol\u00f3gica es una especialidad y un cuerpo de conocimientos fundamental para el ejercicio profesional de la psicolog\u00eda. Son recursos espec\u00edficos y complementarios a la evaluaci\u00f3n cl\u00ednica. El psicodiagn\u00f3stico es a la psicolog\u00eda lo que los estudios diagn\u00f3sticos complementarios son a la medicina (tomograf\u00eda, radiograf\u00eda, an\u00e1lisis de laboratorio, etc.), recurriendo a una analog\u00eda que [&hellip;]<\/p>\n","protected":false},"author":1,"featured_media":115,"parent":0,"menu_order":0,"comment_status":"closed","ping_status":"closed","template":"page-templates\/team-archive.php","meta":{"footnotes":""},"class_list":["post-341","page","type-page","status-publish","has-post-thumbnail","hentry"],"_links":{"self":[{"href":"https:\/\/jorgelibman.com.ar\/index.php\/wp-json\/wp\/v2\/pages\/341","targetHints":{"allow":["GET"]}}],"collection":[{"href":"https:\/\/jorgelibman.com.ar\/index.php\/wp-json\/wp\/v2\/pages"}],"about":[{"href":"https:\/\/jorgelibman.com.ar\/index.php\/wp-json\/wp\/v2\/types\/page"}],"author":[{"embeddable":true,"href":"https:\/\/jorgelibman.com.ar\/index.php\/wp-json\/wp\/v2\/users\/1"}],"replies":[{"embeddable":true,"href":"https:\/\/jorgelibman.com.ar\/index.php\/wp-json\/wp\/v2\/comments?post=341"}],"version-history":[{"count":15,"href":"https:\/\/jorgelibman.com.ar\/index.php\/wp-json\/wp\/v2\/pages\/341\/revisions"}],"predecessor-version":[{"id":529,"href":"https:\/\/jorgelibman.com.ar\/index.php\/wp-json\/wp\/v2\/pages\/341\/revisions\/529"}],"wp:featuredmedia":[{"embeddable":true,"href":"https:\/\/jorgelibman.com.ar\/index.php\/wp-json\/wp\/v2\/media\/115"}],"wp:attachment":[{"href":"https:\/\/jorgelibman.com.ar\/index.php\/wp-json\/wp\/v2\/media?parent=341"}],"curies":[{"name":"wp","href":"https:\/\/api.w.org\/{rel}","templated":true}]}}