{"id":36,"date":"2021-11-19T00:39:51","date_gmt":"2021-11-19T00:39:51","guid":{"rendered":"http:\/\/jorgelibman.com.ar\/?page_id=36"},"modified":"2022-07-19T17:06:03","modified_gmt":"2022-07-19T17:06:03","slug":"especialidades","status":"publish","type":"page","link":"https:\/\/jorgelibman.com.ar\/index.php\/especialidades\/","title":{"rendered":"Pr\u00e1ctica profesional"},"content":{"rendered":"\n<p style=\"text-align: justify;\">En \u00e9sta secci\u00f3n explico c\u00f3mo desarrollo mi pr\u00e1ctica profesional, que se divide en dos \u00e1reas: la psicoterapia y la evaluaci\u00f3n psicol\u00f3gica. La psicoterapia es la pr\u00e1ctica que m\u00e1s continuidad tiene pues es posible que atienda a un paciente por semanas, meses o incluso algunos a\u00f1os, seg\u00fan la necesidad y el tipo de problemas que cada persona presenta. En cambio, la evaluaci\u00f3n psicodiagn\u00f3stico es un trabajo m\u00e1s acotado, que requiere de cierta cantidad de sesiones. Dicho proceso finaliza cuando se realiza la devoluci\u00f3n de los resultados al paciente y se le entrega un informe escrito con las conclusiones alcanzadas.<\/p>\r\n<p>\n\n\n\n<\/p>\r\n<div class=\"wp-block-spacer\" style=\"height: 100px;\" aria-hidden=\"true\">\u00a0<\/div>\r\n<p>\n\n\n\n<\/p>\r\n<ul class=\"wp-block-list\">\r\n<li>Matr\u00edcula Nacional N\u00b0: <strong>22.749<\/strong><\/li>\r\n<li>Matr\u00edcula Provincia de Santa F\u00e9 N\u00b0: <strong>2231<\/strong><\/li>\r\n<li>Direcci\u00f3n del consultorio:<strong> Alvear 1478 3er Piso<\/strong><\/li>\r\n<li>Tel\u00e9fonos: <strong>(0341) 449-8825 (consultorio)\/(0341)153-813-534<\/strong><\/li>\r\n<li>E-mail: <a href=\"mailto:jorlibman@gmail.com\">jorlibman@gmail.com<\/a><\/li>\r\n<\/ul>\r\n<p>\n\n\n\n<\/p>\r\n<div class=\"wp-block-spacer\" style=\"height: 100px;\" aria-hidden=\"true\">\u00a0<\/div>\r\n<p>\n\n\n\n<div class=\"wp-block-columns is-layout-flex wp-container-core-columns-is-layout-9d6595d7 wp-block-columns-is-layout-flex\">\n<div class=\"wp-block-column is-layout-flow wp-block-column-is-layout-flow\">\n<div class=\"wp-block-buttons is-layout-flex wp-block-buttons-is-layout-flex\">\n<div class=\"wp-block-button has-custom-font-size has-medium-font-size\"><a class=\"wp-block-button__link\" href=\"http:\/\/jorgelibman.com.ar\/index.php\/especialidades\/psicoterapia\/\">Psicoterapia<\/a><\/div>\n<\/div>\n<\/div>\n\n\n\n<div class=\"wp-block-column is-layout-flow wp-block-column-is-layout-flow\">\n<div class=\"wp-block-buttons is-layout-flex wp-block-buttons-is-layout-flex\">\n<div class=\"wp-block-button has-custom-font-size has-medium-font-size\"><a class=\"wp-block-button__link\" href=\"http:\/\/jorgelibman.com.ar\/index.php\/psicodiagnostico\/\">Psicodiagnostico<\/a><\/div>\n<\/div>\n<\/div>\n<\/div>\n\n\n\n<\/p>\r\n<div class=\"wp-block-columns is-layout-flex wp-container-core-columns-is-layout-9d6595d7 wp-block-columns-is-layout-flex\">\n\n<div class=\"wp-block-column is-layout-flow wp-block-column-is-layout-flow\">\u00a0<\/div>\n\n\r\n\r\n\n<div class=\"wp-block-column is-layout-flow wp-block-column-is-layout-flow\">\u00a0<\/div>\n\n<\/div>\r\n<p>\n\n\n\n<\/p>\r\n<p>&nbsp;<\/p>\r\n<p>\n\n\n<p><\/p>","protected":false},"excerpt":{"rendered":"<p>En \u00e9sta secci\u00f3n explico c\u00f3mo desarrollo mi pr\u00e1ctica profesional, que se divide en dos \u00e1reas: la psicoterapia y la evaluaci\u00f3n psicol\u00f3gica. La psicoterapia es la pr\u00e1ctica que m\u00e1s continuidad tiene pues es posible que atienda a un paciente por semanas, meses o incluso algunos a\u00f1os, seg\u00fan la necesidad y el tipo de problemas que cada [&hellip;]<\/p>\n","protected":false},"author":1,"featured_media":137,"parent":0,"menu_order":0,"comment_status":"closed","ping_status":"closed","template":"page-templates\/team-archive.php","meta":{"footnotes":""},"class_list":["post-36","page","type-page","status-publish","has-post-thumbnail","hentry"],"_links":{"self":[{"href":"https:\/\/jorgelibman.com.ar\/index.php\/wp-json\/wp\/v2\/pages\/36","targetHints":{"allow":["GET"]}}],"collection":[{"href":"https:\/\/jorgelibman.com.ar\/index.php\/wp-json\/wp\/v2\/pages"}],"about":[{"href":"https:\/\/jorgelibman.com.ar\/index.php\/wp-json\/wp\/v2\/types\/page"}],"author":[{"embeddable":true,"href":"https:\/\/jorgelibman.com.ar\/index.php\/wp-json\/wp\/v2\/users\/1"}],"replies":[{"embeddable":true,"href":"https:\/\/jorgelibman.com.ar\/index.php\/wp-json\/wp\/v2\/comments?post=36"}],"version-history":[{"count":18,"href":"https:\/\/jorgelibman.com.ar\/index.php\/wp-json\/wp\/v2\/pages\/36\/revisions"}],"predecessor-version":[{"id":517,"href":"https:\/\/jorgelibman.com.ar\/index.php\/wp-json\/wp\/v2\/pages\/36\/revisions\/517"}],"wp:featuredmedia":[{"embeddable":true,"href":"https:\/\/jorgelibman.com.ar\/index.php\/wp-json\/wp\/v2\/media\/137"}],"wp:attachment":[{"href":"https:\/\/jorgelibman.com.ar\/index.php\/wp-json\/wp\/v2\/media?parent=36"}],"curies":[{"name":"wp","href":"https:\/\/api.w.org\/{rel}","templated":true}]}}