{"id":38,"date":"2021-11-19T00:40:14","date_gmt":"2021-11-19T00:40:14","guid":{"rendered":"http:\/\/jorgelibman.com.ar\/?page_id=38"},"modified":"2022-07-19T17:08:48","modified_gmt":"2022-07-19T17:08:48","slug":"areas-de-interes","status":"publish","type":"page","link":"https:\/\/jorgelibman.com.ar\/index.php\/areas-de-interes\/","title":{"rendered":"Especialidades"},"content":{"rendered":"<p style=\"text-align: justify;\">En \u00e9sta secci\u00f3n introduzco a mis lectores en temas cl\u00ednicos de gran relevancia en la salud mental en los cuales me fui formando y adquiriendo experiencia a lo largo de mi carrera profesional. Son tem\u00e1ticas que me apasionan. Con el tiempo se han convertido en verdaderas especialidades de la psicopatolog\u00eda. Y al especializarme en estos problemas y trastornos puedo asistir con t\u00e9cnicas y conocimientos espec\u00edficos a las personas que los padecen y acuden a mi ayuda profesional. Son cuatro especialidades: Estr\u00e9s; Trauma Ps\u00edquico; Psicosom\u00e1tica y Trastornos de la Personalidad.<\/p>\n\n\n<div class=\"wp-block-spacer\" style=\"height: 100px;\" aria-hidden=\"true\">\u00a0<\/div>\n\n\n\n<div class=\"wp-block-group is-nowrap is-layout-flex wp-container-core-group-is-layout-ad2f72ca wp-block-group-is-layout-flex\">\n<div class=\"wp-block-group is-vertical is-layout-flex wp-container-core-group-is-layout-8cf370e7 wp-block-group-is-layout-flex\">\n<div class=\"wp-block-buttons is-vertical is-content-justification-left is-layout-flex wp-container-core-buttons-is-layout-4fb2ba47 wp-block-buttons-is-layout-flex\">\n<div class=\"wp-block-button has-custom-font-size is-style-fill has-medium-font-size\"><a class=\"wp-block-button__link\" href=\"http:\/\/jorgelibman.com.ar\/index.php\/areas-de-interes\/la-personalidad-y-sus-trastornos\/\">La personalidad y sus trastornos<\/a><\/div>\n<\/div>\n\n\n\n<div class=\"wp-block-buttons is-vertical is-content-justification-left is-layout-flex wp-container-core-buttons-is-layout-4fb2ba47 wp-block-buttons-is-layout-flex\">\n<div class=\"wp-block-button has-custom-font-size has-medium-font-size\"><a class=\"wp-block-button__link\" href=\"http:\/\/jorgelibman.com.ar\/index.php\/estres\/\">Estr\u00e9s<\/a><\/div>\n<\/div>\n\n\n\n<div class=\"wp-block-buttons is-vertical is-content-justification-left is-layout-flex wp-container-core-buttons-is-layout-4fb2ba47 wp-block-buttons-is-layout-flex\">\n<div class=\"wp-block-button has-custom-font-size has-medium-font-size\"><a class=\"wp-block-button__link\" href=\" http:\/\/jorgelibman.com.ar\/index.php\/psicosomatica\/\">Psicosomatica<\/a><\/div>\n<\/div>\n\n\n\n<div class=\"wp-block-buttons is-vertical is-content-justification-left is-layout-flex wp-container-core-buttons-is-layout-4fb2ba47 wp-block-buttons-is-layout-flex\">\n<div class=\"wp-block-button has-custom-font-size has-medium-font-size\"><a class=\"wp-block-button__link\" href=\"http:\/\/jorgelibman.com.ar\/index.php\/trauma-psiquico\/\" style=\"border-radius:100px\">Trauma psiquico<\/a><\/div>\n<\/div>\n<\/div>\n<\/div>\n\n\n\n<div class=\"wp-block-group alignfull\"><div class=\"wp-block-group__inner-container is-layout-flow wp-block-group-is-layout-flow\">\n<div class=\"wp-block-buttons is-horizontal is-content-justification-center is-nowrap is-layout-flex wp-container-core-buttons-is-layout-c1dfda1e wp-block-buttons-is-layout-flex\"><\/div>\n<\/div><\/div>\n\n\n\n<div class=\"wp-block-spacer\" style=\"height: 100px;\" aria-hidden=\"true\">\u00a0<\/div>\n","protected":false},"excerpt":{"rendered":"<p>En \u00e9sta secci\u00f3n introduzco a mis lectores en temas cl\u00ednicos de gran relevancia en la salud mental en los cuales me fui formando y adquiriendo experiencia a lo largo de mi carrera profesional. Son tem\u00e1ticas que me apasionan. Con el tiempo se han convertido en verdaderas especialidades de la psicopatolog\u00eda. Y al especializarme en estos [&hellip;]<\/p>\n","protected":false},"author":1,"featured_media":137,"parent":0,"menu_order":0,"comment_status":"closed","ping_status":"closed","template":"page-templates\/team-archive.php","meta":{"footnotes":""},"class_list":["post-38","page","type-page","status-publish","has-post-thumbnail","hentry"],"_links":{"self":[{"href":"https:\/\/jorgelibman.com.ar\/index.php\/wp-json\/wp\/v2\/pages\/38","targetHints":{"allow":["GET"]}}],"collection":[{"href":"https:\/\/jorgelibman.com.ar\/index.php\/wp-json\/wp\/v2\/pages"}],"about":[{"href":"https:\/\/jorgelibman.com.ar\/index.php\/wp-json\/wp\/v2\/types\/page"}],"author":[{"embeddable":true,"href":"https:\/\/jorgelibman.com.ar\/index.php\/wp-json\/wp\/v2\/users\/1"}],"replies":[{"embeddable":true,"href":"https:\/\/jorgelibman.com.ar\/index.php\/wp-json\/wp\/v2\/comments?post=38"}],"version-history":[{"count":18,"href":"https:\/\/jorgelibman.com.ar\/index.php\/wp-json\/wp\/v2\/pages\/38\/revisions"}],"predecessor-version":[{"id":518,"href":"https:\/\/jorgelibman.com.ar\/index.php\/wp-json\/wp\/v2\/pages\/38\/revisions\/518"}],"wp:featuredmedia":[{"embeddable":true,"href":"https:\/\/jorgelibman.com.ar\/index.php\/wp-json\/wp\/v2\/media\/137"}],"wp:attachment":[{"href":"https:\/\/jorgelibman.com.ar\/index.php\/wp-json\/wp\/v2\/media?parent=38"}],"curies":[{"name":"wp","href":"https:\/\/api.w.org\/{rel}","templated":true}]}}