{"id":456,"date":"2022-06-24T23:56:15","date_gmt":"2022-06-24T23:56:15","guid":{"rendered":"http:\/\/jorgelibman.com.ar\/?page_id=456"},"modified":"2022-08-08T19:22:31","modified_gmt":"2022-08-08T19:22:31","slug":"psicosomatica","status":"publish","type":"page","link":"https:\/\/jorgelibman.com.ar\/index.php\/psicosomatica\/","title":{"rendered":"Psicosomatica"},"content":{"rendered":"<p style=\"text-align: justify;\">Como concepto general, la psicosom\u00e1tica se refiere a la relaci\u00f3n entre el cuerpo y la mente, ya sea en su funcionamiento sano como tambi\u00e9n en las disfunciones, s\u00edntomas o enfermedades que expresa la interrelaci\u00f3n entre ambas dimensiones del ser humano. La distinci\u00f3n cartesiana entre cuerpo y mente ha fomentado una concepci\u00f3n disociada del cuerpo humano, como si fueran entidades separadas cuando en realidad somos seres vivos cuya esfera psicol\u00f3gica y esfera som\u00e1tica se interconectan y se influyen rec\u00edprocamente. Est\u00e1 en cada individuo reconocer, aceptar y ser consciente de la integraci\u00f3n cuerpo-mente y<br \/>\nrecoger los beneficios de esta concepci\u00f3n para un mejor cuidado de su salud.<\/p>\n<p style=\"text-align: justify;\">En un sentido estricto y c\u00f3mo se la conoce globalmente, la psicosom\u00e1tica es un \u00e1rea de la medicina y de la psicopatolog\u00eda que trata de aquellas enfermedades cuyos s\u00edntomas y causas se explican por alteraciones funcionales y no por lesiones org\u00e1nicas. En los cuadros psicosom\u00e1ticos propiamente dichos se observan correlaciones entre los s\u00edntomas f\u00edsicos y los disparadores o factores psicol\u00f3gicos. Por ejemplo, la gastritis.<\/p>\n<p style=\"text-align: justify;\">Una concepci\u00f3n moderna y compleja de la psicosom\u00e1tica considera que por m\u00e1s peso que tengan los factores emocionales en la aparici\u00f3n o agudizaci\u00f3n de s\u00edntomas f\u00edsicos, no hay que excluir una visi\u00f3n integral de c\u00f3mo se llega a enfermar una persona. Esto significa tener en cuenta los factores de estr\u00e9s situacionales (por ejemplo, el impacto de perder un empleo), el estr\u00e9s psicosocial (agravamiento de la situaci\u00f3n econ\u00f3mica de un pa\u00eds), la predisposici\u00f3n hereditaria o la calidad de vida, es decir, si la persona tiene o no h\u00e1bitos de vida saludables.<\/p>\n<p style=\"text-align: justify;\">Los individuos que \u201csomatizan\u201d son aquellos que \u201cdrenan\u201d dolorosas experiencias personales en estados som\u00e1ticos. Debido a que el sistema inmune puede ser comprometido por depresi\u00f3n o ansiedad, episodios de varias enfermedades som\u00e1ticas pueden ser motivados o exacerbados por componentes psicol\u00f3gicos.<\/p>\n<p style=\"text-align: justify;\">Los trastornos psicosom\u00e1ticos afligen a muchas personas. Algunos individuos padecen una enfermedad tras otra que no logra ser totalmente explicada por una condici\u00f3n m\u00e9dica conocida o toxina definida. Quejas som\u00e1ticas difusas, dolores cambiantes, problemas gastrointestinales, dificultades sexuales o extra\u00f1os malestares son t\u00edpicos.<\/p>\n<p style=\"text-align: justify;\">La experiencia cl\u00ednica sugiere la existencia de un trastorno de la personalidad caracterizado por una habitual tendencia a expresar sentimientos disf\u00f3ricos a trav\u00e9s de la somatizaci\u00f3n.<\/p>\n<p style=\"text-align: justify;\">Los pacientes que somatizan pueden presentar una confusa combinaci\u00f3n de preocupaciones hipocondriacas, enfermedad f\u00edsica diagnosticable determinada por el estr\u00e9s y s\u00edntomas f\u00edsicos que expresan una ideaci\u00f3n y una afectividad demasiado dolorosa para ser puesta en palabras (reacciones conversivas).<\/p>\n<p style=\"text-align: justify;\">Uno de los conceptos que cobr\u00f3 relevancia para explicar los fundamentos psicodin\u00e1micos de la psicosom\u00e1tica es el de \u201calexitimia\u201d. Es la incapacidad para identificar, nombrar y expresar verbalmente las emociones y los afectos. En la medida que los sentimientos o emociones no se descargan y expresan en la comunicaci\u00f3n verbal, se canalizan en los \u00f3rganos. Por ejemplo, una persona que entra en p\u00e1nico y el mismo impacta en la presi\u00f3n arterial que se eleva considerablemente.<\/p>\n<p style=\"text-align: justify;\">La alexitimia es un factor que dificulta el desenvolvimiento de una terapia verbal. Pero a su vez, una psicoterapia adecuada para \u00e9ste tipo de pacientes es de vital importancia para que logren mejorar su salud y aprendan a elaborar sus conflictos y expresar las emociones asociadas a ellos.<\/p>\n","protected":false},"excerpt":{"rendered":"<p>Como concepto general, la psicosom\u00e1tica se refiere a la relaci\u00f3n entre el cuerpo y la mente, ya sea en su funcionamiento sano como tambi\u00e9n en las disfunciones, s\u00edntomas o enfermedades que expresa la interrelaci\u00f3n entre ambas dimensiones del ser humano. La distinci\u00f3n cartesiana entre cuerpo y mente ha fomentado una concepci\u00f3n disociada del cuerpo humano, [&hellip;]<\/p>\n","protected":false},"author":1,"featured_media":137,"parent":0,"menu_order":0,"comment_status":"closed","ping_status":"closed","template":"page-templates\/team-archive.php","meta":{"footnotes":""},"class_list":["post-456","page","type-page","status-publish","has-post-thumbnail","hentry"],"_links":{"self":[{"href":"https:\/\/jorgelibman.com.ar\/index.php\/wp-json\/wp\/v2\/pages\/456","targetHints":{"allow":["GET"]}}],"collection":[{"href":"https:\/\/jorgelibman.com.ar\/index.php\/wp-json\/wp\/v2\/pages"}],"about":[{"href":"https:\/\/jorgelibman.com.ar\/index.php\/wp-json\/wp\/v2\/types\/page"}],"author":[{"embeddable":true,"href":"https:\/\/jorgelibman.com.ar\/index.php\/wp-json\/wp\/v2\/users\/1"}],"replies":[{"embeddable":true,"href":"https:\/\/jorgelibman.com.ar\/index.php\/wp-json\/wp\/v2\/comments?post=456"}],"version-history":[{"count":3,"href":"https:\/\/jorgelibman.com.ar\/index.php\/wp-json\/wp\/v2\/pages\/456\/revisions"}],"predecessor-version":[{"id":520,"href":"https:\/\/jorgelibman.com.ar\/index.php\/wp-json\/wp\/v2\/pages\/456\/revisions\/520"}],"wp:featuredmedia":[{"embeddable":true,"href":"https:\/\/jorgelibman.com.ar\/index.php\/wp-json\/wp\/v2\/media\/137"}],"wp:attachment":[{"href":"https:\/\/jorgelibman.com.ar\/index.php\/wp-json\/wp\/v2\/media?parent=456"}],"curies":[{"name":"wp","href":"https:\/\/api.w.org\/{rel}","templated":true}]}}