{"id":76,"date":"2021-11-27T00:00:10","date_gmt":"2021-11-27T00:00:10","guid":{"rendered":"http:\/\/jorgelibman.com.ar\/?page_id=76"},"modified":"2022-07-10T22:43:39","modified_gmt":"2022-07-10T22:43:39","slug":"psicoterapia","status":"publish","type":"page","link":"https:\/\/jorgelibman.com.ar\/index.php\/especialidades\/psicoterapia\/","title":{"rendered":"Psicoterapia"},"content":{"rendered":"\r\n<p style=\"text-align: justify;\">El enfoque psicoanal\u00edtico moderno e integrador se basa en la comprensi\u00f3n profunda y compleja de la personalidad de cada individuo, su crianza, su historia de vida y las vivencias dolorosas o traum\u00e1ticas que tuvo que atravesar.<\/p>\r\n\r\n\r\n\r\n<p style=\"text-align: justify;\">Busca entender las motivaciones inconscientes de los s\u00edntomas, de los conflictos internos, de las dificultades relacionales y de los rasgos de car\u00e1cter que complican la vida de la persona y\/o la de los dem\u00e1s.<\/p>\r\n\r\n\r\n\r\n<p style=\"text-align: justify;\">Los pacientes no se \u201cencajan\u201d en ning\u00fan dogma o manual, sino que se los ayuda respetando su singularidad.<\/p>\r\n\r\n\r\n\r\n<p style=\"text-align: justify;\">Construir un v\u00ednculo de confianza, comprensi\u00f3n y cooperaci\u00f3n entre paciente y terapeuta es un pilar fundamental no s\u00f3lo para iniciar una psicoterapia sino tambi\u00e9n para que el consultante logre cambios positivos y duraderos.<\/p>\r\n\r\n\r\n\r\n<p style=\"text-align: justify;\">La comprensi\u00f3n emp\u00e1tica, la escucha atenta del paciente y el di\u00e1logo son los recursos fundamentales para que un paciente se sienta bien comprendido y progrese en la psicoterapia.<\/p>\r\n\r\n\r\n\r\n<p style=\"text-align: justify;\">Cada sesi\u00f3n se focaliza en temas que emergen de los objetivos terap\u00e9uticos y de las necesidades emocionales del paciente.<\/p>\r\n\r\n\r\n\r\n<p style=\"text-align: justify;\">Se promueve el pensamiento asociativo y reflexivo que estimula la capacidad de relacionar ideas y crear nuevos significados que ayudan a considerar los problemas desde otras perspectivas.<\/p>\r\n\r\n\r\n\r\n<p style=\"text-align: justify;\">Con una actitud activa que favorece el cambio ps\u00edquico, las intervenciones del terapeuta se ajustan al estilo y capacidades psicol\u00f3gicas de cada paciente.<\/p>\r\n\r\n\r\n\r\n<p style=\"text-align: justify;\">La duraci\u00f3n de la psicoterapia se adapta a los tiempos y posibilidades de cada paciente. Su finalizaci\u00f3n se acuerda entre ambos participantes del proceso terap\u00e9utico.<\/p>\r\n\r\n\r\n\r\n<p style=\"text-align: justify;\">Es una psicoterapia efectiva para tratar distintos trastornos psicol\u00f3gicos y de personalidad.<\/p>\r\n","protected":false},"excerpt":{"rendered":"<p>El enfoque psicoanal\u00edtico moderno e integrador se basa en la comprensi\u00f3n profunda y compleja de la personalidad de cada individuo, su crianza, su historia de vida y las vivencias dolorosas o traum\u00e1ticas que tuvo que atravesar. Busca entender las motivaciones inconscientes de los s\u00edntomas, de los conflictos internos, de las dificultades relacionales y de los [&hellip;]<\/p>\n","protected":false},"author":1,"featured_media":137,"parent":36,"menu_order":0,"comment_status":"closed","ping_status":"closed","template":"page-templates\/team-archive.php","meta":{"footnotes":""},"class_list":["post-76","page","type-page","status-publish","has-post-thumbnail","hentry"],"_links":{"self":[{"href":"https:\/\/jorgelibman.com.ar\/index.php\/wp-json\/wp\/v2\/pages\/76","targetHints":{"allow":["GET"]}}],"collection":[{"href":"https:\/\/jorgelibman.com.ar\/index.php\/wp-json\/wp\/v2\/pages"}],"about":[{"href":"https:\/\/jorgelibman.com.ar\/index.php\/wp-json\/wp\/v2\/types\/page"}],"author":[{"embeddable":true,"href":"https:\/\/jorgelibman.com.ar\/index.php\/wp-json\/wp\/v2\/users\/1"}],"replies":[{"embeddable":true,"href":"https:\/\/jorgelibman.com.ar\/index.php\/wp-json\/wp\/v2\/comments?post=76"}],"version-history":[{"count":3,"href":"https:\/\/jorgelibman.com.ar\/index.php\/wp-json\/wp\/v2\/pages\/76\/revisions"}],"predecessor-version":[{"id":370,"href":"https:\/\/jorgelibman.com.ar\/index.php\/wp-json\/wp\/v2\/pages\/76\/revisions\/370"}],"up":[{"embeddable":true,"href":"https:\/\/jorgelibman.com.ar\/index.php\/wp-json\/wp\/v2\/pages\/36"}],"wp:featuredmedia":[{"embeddable":true,"href":"https:\/\/jorgelibman.com.ar\/index.php\/wp-json\/wp\/v2\/media\/137"}],"wp:attachment":[{"href":"https:\/\/jorgelibman.com.ar\/index.php\/wp-json\/wp\/v2\/media?parent=76"}],"curies":[{"name":"wp","href":"https:\/\/api.w.org\/{rel}","templated":true}]}}