{"id":77,"date":"2021-11-27T00:02:11","date_gmt":"2021-11-27T00:02:11","guid":{"rendered":"http:\/\/jorgelibman.com.ar\/?page_id=77"},"modified":"2022-07-10T22:44:36","modified_gmt":"2022-07-10T22:44:36","slug":"la-personalidad-y-sus-trastornos","status":"publish","type":"page","link":"https:\/\/jorgelibman.com.ar\/index.php\/areas-de-interes\/la-personalidad-y-sus-trastornos\/","title":{"rendered":"La personalidad y sus trastornos"},"content":{"rendered":"\r\n<p style=\"text-align: justify;\">Para comprender ampliamente la psicolog\u00eda de una persona y sus variados comportamientos y trastornos, debemos apelar al concepto de Personalidad. Cualquier enfoque psicol\u00f3gico que deje de lado este concepto termina siendo simplista y reduccionista.<\/p>\r\n\r\n\r\n\r\n<p style=\"text-align: justify;\">La personalidad se define como el modo en que la persona siente, piensa, percibe, se expresa, se relaciona con los dem\u00e1s, los mecanismos de defensa que utilizamos y los recursos para enfrentar y resolver los problemas que se le presentan.<\/p>\r\n\r\n\r\n\r\n<p style=\"text-align: justify;\">Tiene su funcionamiento inconsciente y los aspectos m\u00e1s accesibles a la conciencia que reflejan el grado de autoconocimiento que tenemos sobre nuestro modo de ser. Por ejemplo, podemos repetir inconscientemente la conducta de agradar excesivamente a los dem\u00e1s y dejar de lado nuestras propias necesidades y a la vez somos conscientes de rasgos muy notorios como el exceso de responsabilidad.<\/p>\r\n\r\n\r\n\r\n<p style=\"text-align: justify;\">La personalidad se conforma por la combinaci\u00f3n de aspectos gen\u00e9ticos, constitucionales (nuestro biotipo), vinculares (influencias fundamentales de nuestra crianza) y las vivencias y acontecimientos que nos marcaron para conformar nuestros rasgos y atributos. En otras palabras, la personalidad es la suma de: temperamento (herencia y constituci\u00f3n)+car\u00e1cter (influencia ambiental).<\/p>\r\n\r\n\r\n\r\n<p style=\"text-align: justify;\">La personalidad se identifica y se describe por estilos predominantes y rasgos discretos que reflejan esa manera personal de ser y comportarse. Estos estilos son constructos conceptuales que permiten identificar atributos y patrones relacionales que se observan en una franja determinada de individuos, es decir, nos parecemos a muchos otros en ciertos atributos y rasgos. Pero a la vez somos individuos con una combinaci\u00f3n de rasgos y capacidades que nos hacen \u00fanicos y diferentes a los dem\u00e1s. Por ejemplo, una persona puede tener un estilo expresivo-histri\u00f3nico que le gusta atraer la atenci\u00f3n de la gente, ser el centro de las reuniones sociales, pero a la vez puede ser muy reservada con sus problemas personales.<\/p>\r\n\r\n\r\n\r\n<p style=\"text-align: justify;\">Otro ejemplo que muestra la articulaci\u00f3n particular de los rasgos de personalidad. Un individuo puede ser emprendedor, aguerrido, combativo, afirmativo en su \u00e1mbito laboral, pero evita conflictos con sus seres queridos.<\/p>\r\n\r\n\r\n\r\n<p style=\"text-align: justify;\">Cuando la persona es r\u00edgida, inflexible, repite comportamientos y modos de relacionarse que son conflictivos, complicados y perturbadores para s\u00ed mismo y\/o para los dem\u00e1s, que se repiten en forma de c\u00edrculos viciosos y es muy vulnerable al estr\u00e9s, ya deja de ser un estilo habitual o \u201cnormal\u201d. Se transforma en un Trastorno de la Personalidad<\/p>\r\n\r\n\r\n\r\n<p style=\"text-align: justify;\">En la gran mayor\u00eda de los casos las personas pueden tener ciertos rasgos complicados, pero logran desempe\u00f1arse de un modo ajustado y satisfactorio en varios \u00e1mbitos de sus vidas. Por ejemplo, una persona es quejosa, infantil y fastidiosa en su vida privada, mientras que en su vida habitual se relaciona correctamente con los dem\u00e1s, realiza su trabajo sin inconvenientes, tiene vida satisfactoria, es decir, \u201cse muestra bien\u201d para el mundo externo.<\/p>\r\n\r\n\r\n\r\n<p style=\"text-align: justify;\">Al respecto, es com\u00fan que los individuos con rasgos complicados de car\u00e1cter muestren su \u201cpeor\u201d versi\u00f3n en el \u00e1mbito privado, puertas adentro de sus casas, y en las relaciones con el mundo externo se muestren adaptados, agradables y sin generar dificultades con los dem\u00e1s.<\/p>\r\n\r\n\r\n\r\n<p style=\"text-align: justify;\">Hay personalidades con caracter\u00edsticas que son complicadas para s\u00ed mismos y para otros, personalidades con rasgos complicados s\u00f3lo para s\u00ed mismos y otros sujetos con personalidades perturbadoras para los dem\u00e1s y que no reconocen ninguna falla en s\u00ed mismos. Estos \u00faltimos son los trastornos m\u00e1s graves de la personalidad.<\/p>\r\n\r\n\r\n\r\n<p style=\"text-align: justify;\">Hay un abanico de trastornos de la personalidad que expresa la variabilidad y complejidad de la psicolog\u00eda humana. Ejemplos: obsesivo, dependiente, ciclot\u00edmico, borderline y otros.<\/p>\r\n","protected":false},"excerpt":{"rendered":"<p>Para comprender ampliamente la psicolog\u00eda de una persona y sus variados comportamientos y trastornos, debemos apelar al concepto de Personalidad. Cualquier enfoque psicol\u00f3gico que deje de lado este concepto termina siendo simplista y reduccionista. La personalidad se define como el modo en que la persona siente, piensa, percibe, se expresa, se relaciona con los dem\u00e1s, [&hellip;]<\/p>\n","protected":false},"author":1,"featured_media":137,"parent":38,"menu_order":0,"comment_status":"closed","ping_status":"closed","template":"page-templates\/team-archive.php","meta":{"footnotes":""},"class_list":["post-77","page","type-page","status-publish","has-post-thumbnail","hentry"],"_links":{"self":[{"href":"https:\/\/jorgelibman.com.ar\/index.php\/wp-json\/wp\/v2\/pages\/77","targetHints":{"allow":["GET"]}}],"collection":[{"href":"https:\/\/jorgelibman.com.ar\/index.php\/wp-json\/wp\/v2\/pages"}],"about":[{"href":"https:\/\/jorgelibman.com.ar\/index.php\/wp-json\/wp\/v2\/types\/page"}],"author":[{"embeddable":true,"href":"https:\/\/jorgelibman.com.ar\/index.php\/wp-json\/wp\/v2\/users\/1"}],"replies":[{"embeddable":true,"href":"https:\/\/jorgelibman.com.ar\/index.php\/wp-json\/wp\/v2\/comments?post=77"}],"version-history":[{"count":2,"href":"https:\/\/jorgelibman.com.ar\/index.php\/wp-json\/wp\/v2\/pages\/77\/revisions"}],"predecessor-version":[{"id":377,"href":"https:\/\/jorgelibman.com.ar\/index.php\/wp-json\/wp\/v2\/pages\/77\/revisions\/377"}],"up":[{"embeddable":true,"href":"https:\/\/jorgelibman.com.ar\/index.php\/wp-json\/wp\/v2\/pages\/38"}],"wp:featuredmedia":[{"embeddable":true,"href":"https:\/\/jorgelibman.com.ar\/index.php\/wp-json\/wp\/v2\/media\/137"}],"wp:attachment":[{"href":"https:\/\/jorgelibman.com.ar\/index.php\/wp-json\/wp\/v2\/media?parent=77"}],"curies":[{"name":"wp","href":"https:\/\/api.w.org\/{rel}","templated":true}]}}